{"id":32,"date":"2016-11-17T10:40:29","date_gmt":"2016-11-17T09:40:29","guid":{"rendered":"http:\/\/collectioncuisine.fr\/?page_id=32"},"modified":"2016-12-23T08:30:46","modified_gmt":"2016-12-23T07:30:46","slug":"salle-de-bain","status":"publish","type":"page","link":"https:\/\/collectioncuisine.fr\/index.php\/salle-de-bain\/","title":{"rendered":"SALLE DE BAIN"},"content":{"rendered":"<table>\n<tbody>\n<tr style=\"vertical-align: top;\">\n<td width=\"25%\"><a href=\"http:\/\/collectioncuisine.fr\/index.php\/salle-de-bain-moderne\/\"><img loading=\"lazy\" class=\"alignnone size-full wp-image-34\" src=\"http:\/\/collectioncuisine.fr\/wp-content\/uploads\/2016\/11\/sdb1.jpg\" alt=\"sdb1\" width=\"246\" height=\"164\" \/><\/a><\/p>\n<p style=\"font-size: 12px; font-family: 'Roboto Condensed', sans-serif; text-align: left;\"><strong><a href=\"http:\/\/collectioncuisine.fr\/index.php\/salle-de-bain-moderne\/\"><em>MODERNE<\/em><\/a><br \/>\n<\/strong>Cr\u00e9\u00e9e de toutes pi\u00e8ces, cette salle de bain ne laisse rien au hasard. Des vasques \u00e9lanc\u00e9es, une fa\u00efence dont le m\u00e9tal semble jaillir, une douche des plus spacieuse\u2026 quand l\u2019\u00e9l\u00e9gance s\u2019invite dans votre espace bain.<\/p>\n<\/td>\n<td width=\"25%\"><a href=\"http:\/\/collectioncuisine.fr\/index.php\/salle-de-bain-charme-style\/\"><img loading=\"lazy\" class=\"alignnone size-full wp-image-35\" src=\"http:\/\/collectioncuisine.fr\/wp-content\/uploads\/2016\/11\/sdb2.jpg\" alt=\"sdb2\" width=\"246\" height=\"164\" \/><\/a><\/p>\n<p style=\"font-size: 12px; font-family: 'Roboto Condensed', sans-serif; text-align: left;\"><strong><a href=\"http:\/\/collectioncuisine.fr\/index.php\/salle-de-bain-charme-style\/\"><em><span style=\"font-size: 12px;\">CHARME ET STYLE<\/span><\/em><\/a><br \/>\n<\/strong><span style=\"font-size: 12px;\">Vasque symbolisant un galet, miroir d\u2019inspiration bois flott\u00e9, couleurs douces et chaudes pour cette salle de bain. Le charme d\u2019une invitation au voyage\u2026\u2026<\/span><\/p>\n<\/td>\n<td width=\"25%\"><a href=\"http:\/\/collectioncuisine.fr\/index.php\/salle-de-bain-design\/\"><img loading=\"lazy\" class=\"alignnone size-full wp-image-36\" src=\"http:\/\/collectioncuisine.fr\/wp-content\/uploads\/2016\/11\/sdb3.jpg\" alt=\"sdb3\" width=\"246\" height=\"164\" \/><\/a><\/p>\n<p style=\"font-size: 12px; font-family: 'Roboto Condensed', sans-serif; text-align: left;\"><strong><a href=\"http:\/\/collectioncuisine.fr\/index.php\/salle-de-bain-design\/\"><em>DESIGN<\/em><\/a><br \/>\n<\/strong>Exploiter les volumes, l\u2019agencement de cette salle de bain permet d\u2019allier rangements et sensation d\u2019espace. Sym\u00e9trie et choix des mat\u00e9riaux en font un lieu agr\u00e9able et design.<\/p>\n<\/td>\n<td width=\"25%\"><a href=\"http:\/\/collectioncuisine.fr\/index.php\/salle-de-bain-sous-combles\/\"><img loading=\"lazy\" class=\"alignnone size-full wp-image-37\" src=\"http:\/\/collectioncuisine.fr\/wp-content\/uploads\/2016\/11\/sdb4.jpg\" alt=\"sdb4\" width=\"246\" height=\"164\" \/><\/a><\/p>\n<p style=\"font-size: 12px; font-family: 'Roboto Condensed', sans-serif; text-align: left;\"><strong><a href=\"http:\/\/collectioncuisine.fr\/index.php\/salle-de-bain-sous-combles\/\"><em>SOUS COMBLES<\/em><\/a><br \/>\n<\/strong>Savoir am\u00e9nager vos espaces est la raison d\u2019\u00eatre de Collection Cuisine. Par le choix des mati\u00e8res naturelles, bois en fa\u00e7ade et au sol, vasques en marbre, plan de toilette en r\u00e9sine\u00a0\u2026b\u00e9ton, luminaires jouant avec le rampant du plafond, les combles vous offrent ici un endroit r\u00e9interpr\u00e8t\u00e9, calme et apaisant.<\/p>\n<\/td>\n<\/tr>\n<\/tbody>\n<\/table>\n","protected":false},"excerpt":{"rendered":"<p>MODERNE Cr\u00e9\u00e9e de toutes pi\u00e8ces, cette salle de bain ne laisse rien au hasard. Des vasques \u00e9lanc\u00e9es, une fa\u00efence dont le m\u00e9tal semble jaillir, une douche des plus spacieuse\u2026 quand l\u2019\u00e9l\u00e9gance s\u2019invite dans votre espace bain. CHARME ET STYLE Vasque symbolisant un galet, miroir d\u2019inspiration bois flott\u00e9, couleurs douces et chaudes pour cette salle de&#8230;<\/p>\n","protected":false},"author":1,"featured_media":0,"parent":0,"menu_order":3,"comment_status":"closed","ping_status":"closed","template":"fullwidth.php","meta":[],"_links":{"self":[{"href":"https:\/\/collectioncuisine.fr\/index.php\/wp-json\/wp\/v2\/pages\/32"}],"collection":[{"href":"https:\/\/collectioncuisine.fr\/index.php\/wp-json\/wp\/v2\/pages"}],"about":[{"href":"https:\/\/collectioncuisine.fr\/index.php\/wp-json\/wp\/v2\/types\/page"}],"author":[{"embeddable":true,"href":"https:\/\/collectioncuisine.fr\/index.php\/wp-json\/wp\/v2\/users\/1"}],"replies":[{"embeddable":true,"href":"https:\/\/collectioncuisine.fr\/index.php\/wp-json\/wp\/v2\/comments?post=32"}],"version-history":[{"count":14,"href":"https:\/\/collectioncuisine.fr\/index.php\/wp-json\/wp\/v2\/pages\/32\/revisions"}],"predecessor-version":[{"id":332,"href":"https:\/\/collectioncuisine.fr\/index.php\/wp-json\/wp\/v2\/pages\/32\/revisions\/332"}],"wp:attachment":[{"href":"https:\/\/collectioncuisine.fr\/index.php\/wp-json\/wp\/v2\/media?parent=32"}],"curies":[{"name":"wp","href":"https:\/\/api.w.org\/{rel}","templated":true}]}}