{"id":300,"date":"2016-12-22T17:19:10","date_gmt":"2016-12-22T16:19:10","guid":{"rendered":"http:\/\/collectioncuisine.fr\/?page_id=300"},"modified":"2016-12-22T17:23:34","modified_gmt":"2016-12-22T16:23:34","slug":"salle-de-bain-design","status":"publish","type":"page","link":"https:\/\/collectioncuisine.fr\/index.php\/salle-de-bain-design\/","title":{"rendered":"Salle de Bain \u00ab\u00a0Design\u00a0\u00bb"},"content":{"rendered":"<p style=\"font-family: 'Roboto Condensed', sans-serif; text-align: center;\"><em><strong>Salle de Bain \u00ab\u00a0Design\u00a0\u00bb<\/strong><\/em><\/p>\n<h6 style=\"font-family: 'Roboto Condensed', sans-serif; text-align: center;\">Exploiter les volumes, l\u2019agencement de cette salle de bain permet d\u2019allier rangements et sensation d\u2019espace. Sym\u00e9trie et choix des mat\u00e9riaux en font un lieu agr\u00e9able et design.<\/h6>\n<table>\n<tbody>\n<tr>\n<td><\/td>\n<td><a href=\"http:\/\/collectioncuisine.fr\/wp-content\/uploads\/2016\/12\/sdbdesign1.jpg\" class=\"gallery_colorbox\"><img loading=\"lazy\" class=\" wp-image-305 aligncenter\" src=\"http:\/\/collectioncuisine.fr\/wp-content\/uploads\/2016\/12\/sdbdesignmini1.jpg\"  alt=\"\" width=\"175\" height=\"140\" \/><\/a><\/td>\n<td><\/td>\n<\/tr>\n<tr>\n<td><a href=\"http:\/\/collectioncuisine.fr\/wp-content\/uploads\/2016\/12\/sdbdesig2.jpg\" class=\"gallery_colorbox\"><img loading=\"lazy\" class=\"size-full wp-image-306 aligncenter\" src=\"http:\/\/collectioncuisine.fr\/wp-content\/uploads\/2016\/12\/sdbdesignmini2.jpg\"  alt=\"\" width=\"113\" height=\"170\" \/><\/a><\/td>\n<td><a href=\"http:\/\/collectioncuisine.fr\/wp-content\/uploads\/2016\/12\/sdbdesign3.jpg\" class=\"gallery_colorbox\"><img loading=\"lazy\" class=\"size-full wp-image-309 aligncenter\" src=\"http:\/\/collectioncuisine.fr\/wp-content\/uploads\/2016\/12\/sdbdesignmini3-1.jpg\"  alt=\"\" width=\"128\" height=\"170\" \/><\/a><\/td>\n<td><a href=\"http:\/\/collectioncuisine.fr\/wp-content\/uploads\/2016\/12\/sdbdesign4.jpg\" class=\"gallery_colorbox\"><img loading=\"lazy\" class=\"size-full wp-image-308 aligncenter\" src=\"http:\/\/collectioncuisine.fr\/wp-content\/uploads\/2016\/12\/sdbdesignmini4.jpg\"  alt=\"\" width=\"113\" height=\"170\" \/><\/a><\/td>\n<\/tr>\n<\/tbody>\n<\/table>\n","protected":false},"excerpt":{"rendered":"<p>Salle de Bain \u00ab\u00a0Design\u00a0\u00bb Exploiter les volumes, l\u2019agencement de cette salle de bain permet d\u2019allier rangements et sensation d\u2019espace. Sym\u00e9trie et choix des mat\u00e9riaux en font un lieu agr\u00e9able et design.<\/p>\n","protected":false},"author":1,"featured_media":0,"parent":0,"menu_order":0,"comment_status":"closed","ping_status":"closed","template":"","meta":[],"_links":{"self":[{"href":"https:\/\/collectioncuisine.fr\/index.php\/wp-json\/wp\/v2\/pages\/300"}],"collection":[{"href":"https:\/\/collectioncuisine.fr\/index.php\/wp-json\/wp\/v2\/pages"}],"about":[{"href":"https:\/\/collectioncuisine.fr\/index.php\/wp-json\/wp\/v2\/types\/page"}],"author":[{"embeddable":true,"href":"https:\/\/collectioncuisine.fr\/index.php\/wp-json\/wp\/v2\/users\/1"}],"replies":[{"embeddable":true,"href":"https:\/\/collectioncuisine.fr\/index.php\/wp-json\/wp\/v2\/comments?post=300"}],"version-history":[{"count":5,"href":"https:\/\/collectioncuisine.fr\/index.php\/wp-json\/wp\/v2\/pages\/300\/revisions"}],"predecessor-version":[{"id":315,"href":"https:\/\/collectioncuisine.fr\/index.php\/wp-json\/wp\/v2\/pages\/300\/revisions\/315"}],"wp:attachment":[{"href":"https:\/\/collectioncuisine.fr\/index.php\/wp-json\/wp\/v2\/media?parent=300"}],"curies":[{"name":"wp","href":"https:\/\/api.w.org\/{rel}","templated":true}]}}