{"id":271,"date":"2016-12-22T16:39:20","date_gmt":"2016-12-22T15:39:20","guid":{"rendered":"http:\/\/collectioncuisine.fr\/?page_id=271"},"modified":"2016-12-22T16:54:33","modified_gmt":"2016-12-22T15:54:33","slug":"salle-de-bain-moderne","status":"publish","type":"page","link":"https:\/\/collectioncuisine.fr\/index.php\/salle-de-bain-moderne\/","title":{"rendered":"Salle de Bain \u00ab\u00a0Moderne\u00a0\u00bb"},"content":{"rendered":"<p style=\"font-family: 'Roboto Condensed', sans-serif; text-align: center;\"><em><strong>Salle de Bain \u00ab\u00a0Moderne\u00a0\u00bb<\/strong><\/em><\/p>\n<h6 style=\"font-family: 'Roboto Condensed', sans-serif; text-align: center;\">Cr\u00e9\u00e9e de toutes pi\u00e8ces, cette salle de bain ne laisse rien au hasard. Des vasques \u00e9lanc\u00e9es, une fa\u00efence dont le m\u00e9tal semble jaillir, une douche des plus spacieuse\u2026 quand l\u2019\u00e9l\u00e9gance s\u2019invite dans votre espace bain.<\/h6>\n<table>\n<tbody>\n<tr>\n<td><a href=\"http:\/\/collectioncuisine.fr\/wp-content\/uploads\/2016\/12\/sdbmoderne5.jpg\" class=\"gallery_colorbox\"><img loading=\"lazy\" class=\"alignnone size-full wp-image-280\" src=\"http:\/\/collectioncuisine.fr\/wp-content\/uploads\/2016\/12\/sdbmodernemini5.jpg\"  alt=\"\" width=\"300\" height=\"200\" \/><\/a><\/td>\n<td><a href=\"http:\/\/collectioncuisine.fr\/wp-content\/uploads\/2016\/12\/sdbmoderne3.jpg\" class=\"gallery_colorbox\"><img loading=\"lazy\" class=\"alignnone size-full wp-image-278\" src=\"http:\/\/collectioncuisine.fr\/wp-content\/uploads\/2016\/12\/sdbmodernemini3.jpg\"  alt=\"\" width=\"300\" height=\"200\" \/><\/a><\/td>\n<td><a href=\"http:\/\/collectioncuisine.fr\/wp-content\/uploads\/2016\/12\/sdbmoderne2.jpg\" class=\"gallery_colorbox\"><img loading=\"lazy\" class=\"alignnone size-full wp-image-277\" src=\"http:\/\/collectioncuisine.fr\/wp-content\/uploads\/2016\/12\/sdbmodernemini2.jpg\"  alt=\"\" width=\"300\" height=\"200\" \/><\/a><\/td>\n<td><a href=\"http:\/\/collectioncuisine.fr\/wp-content\/uploads\/2016\/12\/sdbmoderne1.jpg\" class=\"gallery_colorbox\"><img loading=\"lazy\" class=\"alignnone size-full wp-image-276\" src=\"http:\/\/collectioncuisine.fr\/wp-content\/uploads\/2016\/12\/sdbmodernemini1.jpg\"  alt=\"\" width=\"300\" height=\"205\" \/><\/a><\/td>\n<\/tr>\n<\/tbody>\n<\/table>\n","protected":false},"excerpt":{"rendered":"<p>Salle de Bain \u00ab\u00a0Moderne\u00a0\u00bb Cr\u00e9\u00e9e de toutes pi\u00e8ces, cette salle de bain ne laisse rien au hasard. Des vasques \u00e9lanc\u00e9es, une fa\u00efence dont le m\u00e9tal semble jaillir, une douche des plus spacieuse\u2026 quand l\u2019\u00e9l\u00e9gance s\u2019invite dans votre espace bain.<\/p>\n","protected":false},"author":1,"featured_media":0,"parent":0,"menu_order":0,"comment_status":"closed","ping_status":"closed","template":"fullwidth.php","meta":[],"_links":{"self":[{"href":"https:\/\/collectioncuisine.fr\/index.php\/wp-json\/wp\/v2\/pages\/271"}],"collection":[{"href":"https:\/\/collectioncuisine.fr\/index.php\/wp-json\/wp\/v2\/pages"}],"about":[{"href":"https:\/\/collectioncuisine.fr\/index.php\/wp-json\/wp\/v2\/types\/page"}],"author":[{"embeddable":true,"href":"https:\/\/collectioncuisine.fr\/index.php\/wp-json\/wp\/v2\/users\/1"}],"replies":[{"embeddable":true,"href":"https:\/\/collectioncuisine.fr\/index.php\/wp-json\/wp\/v2\/comments?post=271"}],"version-history":[{"count":4,"href":"https:\/\/collectioncuisine.fr\/index.php\/wp-json\/wp\/v2\/pages\/271\/revisions"}],"predecessor-version":[{"id":286,"href":"https:\/\/collectioncuisine.fr\/index.php\/wp-json\/wp\/v2\/pages\/271\/revisions\/286"}],"wp:attachment":[{"href":"https:\/\/collectioncuisine.fr\/index.php\/wp-json\/wp\/v2\/media?parent=271"}],"curies":[{"name":"wp","href":"https:\/\/api.w.org\/{rel}","templated":true}]}}