{"id":159,"date":"2016-12-05T16:41:51","date_gmt":"2016-12-05T15:41:51","guid":{"rendered":"http:\/\/collectioncuisine.fr\/?page_id=159"},"modified":"2016-12-16T10:37:04","modified_gmt":"2016-12-16T09:37:04","slug":"cuisine-industrielle","status":"publish","type":"page","link":"https:\/\/collectioncuisine.fr\/index.php\/cuisine-industrielle\/","title":{"rendered":"Cuisine \u00ab\u00a0Industrielle\u00a0\u00bb"},"content":{"rendered":"<p style=\"font-family: 'Roboto Condensed', sans-serif; text-align: center;\"><em><strong>Cuisine \u00ab\u00a0INDUSTRIELLE\u00a0\u00bb<\/strong><\/em><\/p>\n<h6 style=\"font-family: 'Roboto Condensed', sans-serif; text-align: center;\">Le choix de s\u2019ouvrir sur l\u2019espace qui nous entoure, de s\u2019exercer \u00e0 de nouvelles recettes en toutes s\u00e9r\u00e9nit\u00e9\u2026 plus aucunes concessions. Dans votre nouvelle cuisine, seules vos envies dirigent.<\/h6>\n<table>\n<tbody>\n<tr>\n<td><a href=\"http:\/\/collectioncuisine.fr\/wp-content\/uploads\/2016\/12\/industrielle1.jpg\" class=\"gallery_colorbox\"><img loading=\"lazy\" class=\"size-thumbnail wp-image-161 aligncenter\" src=\"http:\/\/collectioncuisine.fr\/wp-content\/uploads\/2016\/12\/industrielle1-150x150.jpg\"  alt=\"industrielle1\" width=\"150\" height=\"150\" \/><\/a><\/td>\n<td><a href=\"http:\/\/collectioncuisine.fr\/wp-content\/uploads\/2016\/12\/industrielle4.jpg\" class=\"gallery_colorbox\"><img loading=\"lazy\" class=\"size-thumbnail wp-image-164 aligncenter\" src=\"http:\/\/collectioncuisine.fr\/wp-content\/uploads\/2016\/12\/industrielle4-150x150.jpg\"  alt=\"industrielle4\" width=\"150\" height=\"150\" \/><\/a><\/td>\n<td><a href=\"http:\/\/collectioncuisine.fr\/wp-content\/uploads\/2016\/12\/industrielle2.jpg\" class=\"gallery_colorbox\"><img loading=\"lazy\" class=\"size-thumbnail wp-image-162 aligncenter\" src=\"http:\/\/collectioncuisine.fr\/wp-content\/uploads\/2016\/12\/industrielle2-150x150.jpg\"  alt=\"industrielle2\" width=\"150\" height=\"150\" \/><\/a><\/td>\n<td><a href=\"http:\/\/collectioncuisine.fr\/wp-content\/uploads\/2016\/12\/industrielle3.jpg\" class=\"gallery_colorbox\"><img loading=\"lazy\" class=\"size-thumbnail wp-image-163 aligncenter\" src=\"http:\/\/collectioncuisine.fr\/wp-content\/uploads\/2016\/12\/industrielle3-150x150.jpg\"  alt=\"industrielle3\" width=\"150\" height=\"150\" \/><\/a><\/td>\n<\/tr>\n<\/tbody>\n<\/table>\n","protected":false},"excerpt":{"rendered":"<p>Cuisine \u00ab\u00a0INDUSTRIELLE\u00a0\u00bb Le choix de s\u2019ouvrir sur l\u2019espace qui nous entoure, de s\u2019exercer \u00e0 de nouvelles recettes en toutes s\u00e9r\u00e9nit\u00e9\u2026 plus aucunes concessions. Dans votre nouvelle cuisine, seules vos envies dirigent.<\/p>\n","protected":false},"author":1,"featured_media":0,"parent":0,"menu_order":0,"comment_status":"closed","ping_status":"closed","template":"","meta":[],"_links":{"self":[{"href":"https:\/\/collectioncuisine.fr\/index.php\/wp-json\/wp\/v2\/pages\/159"}],"collection":[{"href":"https:\/\/collectioncuisine.fr\/index.php\/wp-json\/wp\/v2\/pages"}],"about":[{"href":"https:\/\/collectioncuisine.fr\/index.php\/wp-json\/wp\/v2\/types\/page"}],"author":[{"embeddable":true,"href":"https:\/\/collectioncuisine.fr\/index.php\/wp-json\/wp\/v2\/users\/1"}],"replies":[{"embeddable":true,"href":"https:\/\/collectioncuisine.fr\/index.php\/wp-json\/wp\/v2\/comments?post=159"}],"version-history":[{"count":7,"href":"https:\/\/collectioncuisine.fr\/index.php\/wp-json\/wp\/v2\/pages\/159\/revisions"}],"predecessor-version":[{"id":260,"href":"https:\/\/collectioncuisine.fr\/index.php\/wp-json\/wp\/v2\/pages\/159\/revisions\/260"}],"wp:attachment":[{"href":"https:\/\/collectioncuisine.fr\/index.php\/wp-json\/wp\/v2\/media?parent=159"}],"curies":[{"name":"wp","href":"https:\/\/api.w.org\/{rel}","templated":true}]}}