{"id":103,"date":"2016-12-05T16:05:27","date_gmt":"2016-12-05T15:05:27","guid":{"rendered":"http:\/\/collectioncuisine.fr\/?page_id=103"},"modified":"2016-12-16T10:36:43","modified_gmt":"2016-12-16T09:36:43","slug":"cuisine-design","status":"publish","type":"page","link":"https:\/\/collectioncuisine.fr\/index.php\/cuisine-design\/","title":{"rendered":"Cuisine \u00ab\u00a0Design\u00a0\u00bb"},"content":{"rendered":"<p style=\"font-family: 'Roboto Condensed', sans-serif; text-align: center;\"><em><strong>Cuisine \u00ab\u00a0DESIGN\u00a0\u00bb<\/strong><\/em><\/p>\n<h6 style=\"font-family: 'Roboto Condensed', sans-serif; text-align: center;\">Cette cuisine est le mariage r\u00e9ussi du blanc laqu\u00e9 brillant en fa\u00e7ade et sur le plan de travail, le tout r\u00e9chauff\u00e9 par un sol contrast\u00e9 et le peps d\u2019un orange acidul\u00e9.<\/h6>\n<table>\n<tbody>\n<tr>\n<td><a href=\"http:\/\/collectioncuisine.fr\/wp-content\/uploads\/2016\/12\/design5.jpg\" class=\"gallery_colorbox\"><img loading=\"lazy\" class=\"alignnone size-medium wp-image-113\" src=\"http:\/\/collectioncuisine.fr\/wp-content\/uploads\/2016\/12\/design5.jpg\"  alt=\"design5\" width=\"300\" height=\"200\" srcset=\"https:\/\/collectioncuisine.fr\/wp-content\/uploads\/2016\/12\/design5.jpg 986w, https:\/\/collectioncuisine.fr\/wp-content\/uploads\/2016\/12\/design5-300x200.jpg 300w, https:\/\/collectioncuisine.fr\/wp-content\/uploads\/2016\/12\/design5-768x511.jpg 768w, https:\/\/collectioncuisine.fr\/wp-content\/uploads\/2016\/12\/design5-700x466.jpg 700w, https:\/\/collectioncuisine.fr\/wp-content\/uploads\/2016\/12\/design5-800x532.jpg 800w\" sizes=\"(max-width: 300px) 100vw, 300px\" \/><\/a><\/td>\n<td><a href=\"http:\/\/collectioncuisine.fr\/wp-content\/uploads\/2016\/12\/design4.jpg\" class=\"gallery_colorbox\"><img loading=\"lazy\" class=\"alignnone size-medium wp-image-112\" src=\"http:\/\/collectioncuisine.fr\/wp-content\/uploads\/2016\/12\/design4-300x204.jpg\"  alt=\"design4\" width=\"300\" height=\"204\" srcset=\"https:\/\/collectioncuisine.fr\/wp-content\/uploads\/2016\/12\/design4-300x204.jpg 300w, https:\/\/collectioncuisine.fr\/wp-content\/uploads\/2016\/12\/design4-768x522.jpg 768w, https:\/\/collectioncuisine.fr\/wp-content\/uploads\/2016\/12\/design4-700x476.jpg 700w, https:\/\/collectioncuisine.fr\/wp-content\/uploads\/2016\/12\/design4-800x544.jpg 800w, https:\/\/collectioncuisine.fr\/wp-content\/uploads\/2016\/12\/design4.jpg 965w\" sizes=\"(max-width: 300px) 100vw, 300px\" \/><\/a><\/td>\n<td><a href=\"http:\/\/collectioncuisine.fr\/wp-content\/uploads\/2016\/12\/design3.jpg\" class=\"gallery_colorbox\"><img loading=\"lazy\" class=\"alignnone size-medium wp-image-111\" src=\"http:\/\/collectioncuisine.fr\/wp-content\/uploads\/2016\/12\/design3-300x200.jpg\"  alt=\"design3\" width=\"300\" height=\"200\" srcset=\"https:\/\/collectioncuisine.fr\/wp-content\/uploads\/2016\/12\/design3-300x200.jpg 300w, https:\/\/collectioncuisine.fr\/wp-content\/uploads\/2016\/12\/design3-768x511.jpg 768w, https:\/\/collectioncuisine.fr\/wp-content\/uploads\/2016\/12\/design3-700x466.jpg 700w, https:\/\/collectioncuisine.fr\/wp-content\/uploads\/2016\/12\/design3-800x532.jpg 800w, https:\/\/collectioncuisine.fr\/wp-content\/uploads\/2016\/12\/design3.jpg 986w\" sizes=\"(max-width: 300px) 100vw, 300px\" \/><\/a><\/td>\n<td><a href=\"http:\/\/collectioncuisine.fr\/wp-content\/uploads\/2016\/12\/design1.jpg\" class=\"gallery_colorbox\"><img loading=\"lazy\" class=\"alignnone size-medium wp-image-109\" src=\"http:\/\/collectioncuisine.fr\/wp-content\/uploads\/2016\/12\/design1-300x205.jpg\"  alt=\"design1\" width=\"300\" height=\"205\" srcset=\"https:\/\/collectioncuisine.fr\/wp-content\/uploads\/2016\/12\/design1-300x205.jpg 300w, https:\/\/collectioncuisine.fr\/wp-content\/uploads\/2016\/12\/design1-768x524.jpg 768w, https:\/\/collectioncuisine.fr\/wp-content\/uploads\/2016\/12\/design1-700x478.jpg 700w, https:\/\/collectioncuisine.fr\/wp-content\/uploads\/2016\/12\/design1-800x546.jpg 800w, https:\/\/collectioncuisine.fr\/wp-content\/uploads\/2016\/12\/design1.jpg 949w\" sizes=\"(max-width: 300px) 100vw, 300px\" \/><\/a><\/td>\n<\/tr>\n<tr>\n<td><\/td>\n<td><a href=\"http:\/\/collectioncuisine.fr\/wp-content\/uploads\/2016\/12\/design6.jpg\" class=\"gallery_colorbox\"><img loading=\"lazy\" class=\"alignnone size-medium wp-image-114\" src=\"http:\/\/collectioncuisine.fr\/wp-content\/uploads\/2016\/12\/design6-200x300.jpg\"  alt=\"design6\" width=\"200\" height=\"300\" srcset=\"https:\/\/collectioncuisine.fr\/wp-content\/uploads\/2016\/12\/design6-200x300.jpg 200w, https:\/\/collectioncuisine.fr\/wp-content\/uploads\/2016\/12\/design6.jpg 656w\" sizes=\"(max-width: 200px) 100vw, 200px\" \/><\/a><\/td>\n<td><a href=\"http:\/\/collectioncuisine.fr\/wp-content\/uploads\/2016\/12\/design2.jpg\" class=\"gallery_colorbox\"><img loading=\"lazy\" class=\"alignnone size-medium wp-image-110\" src=\"http:\/\/collectioncuisine.fr\/wp-content\/uploads\/2016\/12\/design2-200x300.jpg\"  alt=\"design2\" width=\"200\" height=\"300\" srcset=\"https:\/\/collectioncuisine.fr\/wp-content\/uploads\/2016\/12\/design2-200x300.jpg 200w, https:\/\/collectioncuisine.fr\/wp-content\/uploads\/2016\/12\/design2.jpg 656w\" sizes=\"(max-width: 200px) 100vw, 200px\" \/><\/a><\/td>\n<td><\/td>\n<\/tr>\n<\/tbody>\n<\/table>\n","protected":false},"excerpt":{"rendered":"<p>Cuisine \u00ab\u00a0DESIGN\u00a0\u00bb Cette cuisine est le mariage r\u00e9ussi du blanc laqu\u00e9 brillant en fa\u00e7ade et sur le plan de travail, le tout r\u00e9chauff\u00e9 par un sol contrast\u00e9 et le peps d\u2019un orange acidul\u00e9.<\/p>\n","protected":false},"author":1,"featured_media":0,"parent":0,"menu_order":0,"comment_status":"closed","ping_status":"closed","template":"","meta":[],"_links":{"self":[{"href":"https:\/\/collectioncuisine.fr\/index.php\/wp-json\/wp\/v2\/pages\/103"}],"collection":[{"href":"https:\/\/collectioncuisine.fr\/index.php\/wp-json\/wp\/v2\/pages"}],"about":[{"href":"https:\/\/collectioncuisine.fr\/index.php\/wp-json\/wp\/v2\/types\/page"}],"author":[{"embeddable":true,"href":"https:\/\/collectioncuisine.fr\/index.php\/wp-json\/wp\/v2\/users\/1"}],"replies":[{"embeddable":true,"href":"https:\/\/collectioncuisine.fr\/index.php\/wp-json\/wp\/v2\/comments?post=103"}],"version-history":[{"count":17,"href":"https:\/\/collectioncuisine.fr\/index.php\/wp-json\/wp\/v2\/pages\/103\/revisions"}],"predecessor-version":[{"id":258,"href":"https:\/\/collectioncuisine.fr\/index.php\/wp-json\/wp\/v2\/pages\/103\/revisions\/258"}],"wp:attachment":[{"href":"https:\/\/collectioncuisine.fr\/index.php\/wp-json\/wp\/v2\/media?parent=103"}],"curies":[{"name":"wp","href":"https:\/\/api.w.org\/{rel}","templated":true}]}}